{"id":27,"date":"2012-10-16T20:30:23","date_gmt":"2012-10-16T20:30:23","guid":{"rendered":"http:\/\/www.dentalkarakas.hr\/?page_id=27"},"modified":"2014-10-05T15:54:24","modified_gmt":"2014-10-05T13:54:24","slug":"restaurativa","status":"publish","type":"page","link":"https:\/\/www.dentalkarakas.hr\/wp\/usluge\/restaurativa\/","title":{"rendered":"Restaurativa"},"content":{"rendered":"<p><img decoding=\"async\" loading=\"lazy\" class=\"alignnone size-full wp-image-151\" title=\"Restaurativa\" src=\"http:\/\/www.dentalkarakas.hr\/wp-content\/uploads\/2012\/10\/Restaurativa.jpg\" alt=\"Restaurativa\" width=\"669\" height=\"400\" srcset=\"https:\/\/www.dentalkarakas.hr\/wp-content\/uploads\/2012\/10\/Restaurativa.jpg 669w, https:\/\/www.dentalkarakas.hr\/wp-content\/uploads\/2012\/10\/Restaurativa-300x179.jpg 300w\" sizes=\"(max-width: 669px) 100vw, 669px\" \/><\/p>\n<p><strong>Restaurativa<\/strong>\u00a0je dio dentalne medicine koji se bavi nadokna\u0111ivanjem tvrdih zubnih tkiva (cakline i\u00a0dentina). Gubitkom zubne supstance uslijed karijesa, traume ili drugog procesa stvara se\u00a0potreba nadomje\u0161tanja te supstance umjetnim materijalima. Lije\u010dnik \u0107e, ukoliko veli\u010dina, oblik i\u00a0polo\u017eaj defekta to dozvoljava, \u00a0izraditi ispun (plombu).<\/p>\n<p>&nbsp;<\/p>\n","protected":false},"excerpt":{"rendered":"<p>Restaurativa\u00a0je dio dentalne medicine koji se bavi nadokna\u0111ivanjem tvrdih zubnih tkiva (cakline i\u00a0dentina). Gubitkom zubne supstance uslijed karijesa, traume ili drugog procesa stvara se\u00a0potreba nadomje\u0161tanja te supstance umjetnim materijalima. Lije\u010dnik \u0107e, ukoliko veli\u010dina, oblik i\u00a0polo\u017eaj defekta to dozvoljava, \u00a0izraditi ispun (plombu). &nbsp;<\/p>\n","protected":false},"author":1,"featured_media":0,"parent":25,"menu_order":0,"comment_status":"open","ping_status":"open","template":"side-navigation.php","meta":[],"_links":{"self":[{"href":"https:\/\/www.dentalkarakas.hr\/wp\/wp-json\/wp\/v2\/pages\/27"}],"collection":[{"href":"https:\/\/www.dentalkarakas.hr\/wp\/wp-json\/wp\/v2\/pages"}],"about":[{"href":"https:\/\/www.dentalkarakas.hr\/wp\/wp-json\/wp\/v2\/types\/page"}],"author":[{"embeddable":true,"href":"https:\/\/www.dentalkarakas.hr\/wp\/wp-json\/wp\/v2\/users\/1"}],"replies":[{"embeddable":true,"href":"https:\/\/www.dentalkarakas.hr\/wp\/wp-json\/wp\/v2\/comments?post=27"}],"version-history":[{"count":19,"href":"https:\/\/www.dentalkarakas.hr\/wp\/wp-json\/wp\/v2\/pages\/27\/revisions"}],"predecessor-version":[{"id":29,"href":"https:\/\/www.dentalkarakas.hr\/wp\/wp-json\/wp\/v2\/pages\/27\/revisions\/29"}],"up":[{"embeddable":true,"href":"https:\/\/www.dentalkarakas.hr\/wp\/wp-json\/wp\/v2\/pages\/25"}],"wp:attachment":[{"href":"https:\/\/www.dentalkarakas.hr\/wp\/wp-json\/wp\/v2\/media?parent=27"}],"curies":[{"name":"wp","href":"https:\/\/api.w.org\/{rel}","templated":true}]}}